{"id":3074,"date":"2026-01-07T16:02:58","date_gmt":"2026-01-07T14:02:58","guid":{"rendered":"https:\/\/new.btchick.se\/?page_id=3074"},"modified":"2026-01-07T20:44:25","modified_gmt":"2026-01-07T18:44:25","slug":"bitcoin-for-corporations","status":"publish","type":"page","link":"https:\/\/new.btchick.se\/sv\/bitcoin-for-corporations\/","title":{"rendered":"Bitcoin f\u00f6r f\u00f6retag"},"content":{"rendered":"<div data-elementor-type=\"wp-page\" data-elementor-id=\"3074\" class=\"elementor elementor-3074\" data-elementor-post-type=\"page\">\n\t\t\t\t<div class=\"elementor-element elementor-element-3b10542 e-con-full e-flex e-con e-parent\" data-id=\"3b10542\" data-element_type=\"container\" data-settings=\"{&quot;background_background&quot;:&quot;classic&quot;}\">\n\t\t<div class=\"elementor-element elementor-element-7485701 e-con-full e-flex e-con e-child\" data-id=\"7485701\" data-element_type=\"container\" data-settings=\"{&quot;background_background&quot;:&quot;classic&quot;}\">\n\t\t\t\t<div class=\"elementor-element elementor-element-027b0a9 elementor-widget elementor-widget-heading\" data-id=\"027b0a9\" data-element_type=\"widget\" data-widget_type=\"heading.default\">\n\t\t\t\t<div class=\"elementor-widget-container\">\n\t\t\t\t\t<h3 class=\"elementor-heading-title elementor-size-default\">Bitcoin f\u00f6r f\u00f6retag<\/h3>\t\t\t\t<\/div>\n\t\t\t\t<\/div>\n\t\t\t\t<div class=\"elementor-element elementor-element-6327da2 elementor-widget elementor-widget-heading\" data-id=\"6327da2\" data-element_type=\"widget\" data-widget_type=\"heading.default\">\n\t\t\t\t<div class=\"elementor-widget-container\">\n\t\t\t\t\t<h2 class=\"elementor-heading-title elementor-size-default\">Varf\u00f6r f\u00f6retag v\u00e4nder sig till Bitcoin<\/h2>\t\t\t\t<\/div>\n\t\t\t\t<\/div>\n\t\t\t\t<div class=\"elementor-element elementor-element-9d1d931 elementor-align-center elementor-widget elementor-widget-button\" data-id=\"9d1d931\" data-element_type=\"widget\" data-widget_type=\"button.default\">\n\t\t\t\t<div class=\"elementor-widget-container\">\n\t\t\t\t\t\t\t\t\t<div class=\"elementor-button-wrapper\">\n\t\t\t\t\t<a class=\"elementor-button elementor-button-link elementor-size-sm elementor-animation-float\" href=\"https:\/\/new.btchick.se\/sv\/contact\/\">\n\t\t\t\t\t\t<span class=\"elementor-button-content-wrapper\">\n\t\t\t\t\t\t\t\t\t<span class=\"elementor-button-text\">KONTAKT<\/span>\n\t\t\t\t\t<\/span>\n\t\t\t\t\t<\/a>\n\t\t\t\t<\/div>\n\t\t\t\t\t\t\t\t<\/div>\n\t\t\t\t<\/div>\n\t\t\t\t<\/div>\n\t\t<div class=\"elementor-element elementor-element-80eb8b5 e-con-full elementor-hidden-mobile e-flex e-con e-child\" data-id=\"80eb8b5\" data-element_type=\"container\" data-settings=\"{&quot;background_background&quot;:&quot;classic&quot;}\">\n\t\t\t\t<\/div>\n\t\t\t\t<\/div>\n\t\t<div class=\"elementor-element elementor-element-5ce4c72 e-con-full e-flex e-con e-parent\" data-id=\"5ce4c72\" data-element_type=\"container\">\n\t\t<div class=\"elementor-element elementor-element-7c29b10 e-flex e-con-boxed e-con e-child\" data-id=\"7c29b10\" data-element_type=\"container\">\n\t\t\t\t\t<div class=\"e-con-inner\">\n\t\t<div class=\"elementor-element elementor-element-bd7f913 e-con-full e-flex e-con e-child\" data-id=\"bd7f913\" data-element_type=\"container\">\n\t\t\t\t<div class=\"elementor-element elementor-element-982a6ab elementor-widget elementor-widget-heading\" data-id=\"982a6ab\" data-element_type=\"widget\" data-widget_type=\"heading.default\">\n\t\t\t\t<div class=\"elementor-widget-container\">\n\t\t\t\t\t<h2 class=\"elementor-heading-title elementor-size-default\"><a href=\"#the-btchick-story\">Bitcoin ses i allt h\u00f6gre grad av f\u00f6retag som ett strategiskt finansiellt verktyg \u2014 inte som spekulation.<\/a><\/h2>\t\t\t\t<\/div>\n\t\t\t\t<\/div>\n\t\t\t\t<div class=\"elementor-element elementor-element-5a851e4 elementor-widget elementor-widget-heading\" data-id=\"5a851e4\" data-element_type=\"widget\" data-widget_type=\"heading.default\">\n\t\t\t\t<div class=\"elementor-widget-container\">\n\t\t\t\t\t<h2 class=\"elementor-heading-title elementor-size-default\"><a href=\"#the-btchick-story\">I en v\u00e4rld med inflation, \u00f6kande skulder och os\u00e4ker valuta erbjuder Bitcoin f\u00f6retag ett s\u00e4tt att skydda kapital, f\u00f6rb\u00e4ttra finansiell motst\u00e5ndskraft och arbeta globalt utan friktion\n<\/a><\/h2>\t\t\t\t<\/div>\n\t\t\t\t<\/div>\n\t\t\t\t<\/div>\n\t\t\t\t\t<\/div>\n\t\t\t\t<\/div>\n\t\t\t\t<\/div>\n\t\t<div class=\"elementor-element elementor-element-694268ba e-con-full e-flex e-con e-parent\" data-id=\"694268ba\" data-element_type=\"container\" data-settings=\"{&quot;background_background&quot;:&quot;classic&quot;}\">\n\t\t<div class=\"elementor-element elementor-element-1c4c0709 e-con-full e-flex e-con e-child\" data-id=\"1c4c0709\" data-element_type=\"container\">\n\t\t\t\t<div class=\"elementor-element elementor-element-5097b35e elementor-widget elementor-widget-heading\" data-id=\"5097b35e\" data-element_type=\"widget\" data-widget_type=\"heading.default\">\n\t\t\t\t<div class=\"elementor-widget-container\">\n\t\t\t\t\t<h2 class=\"elementor-heading-title elementor-size-default\">Publika f\u00f6retag som \u00e4ger Bitcoin<\/h2>\t\t\t\t<\/div>\n\t\t\t\t<\/div>\n\t\t<div class=\"elementor-element elementor-element-e9244d8 e-con-full e-flex e-con e-child\" data-id=\"e9244d8\" data-element_type=\"container\">\n\t\t\t\t<div class=\"elementor-element elementor-element-553a924b elementor-widget-mobile__width-initial elementor-widget__width-initial elementor-widget elementor-widget-counter\" data-id=\"553a924b\" data-element_type=\"widget\" data-widget_type=\"counter.default\">\n\t\t\t\t<div class=\"elementor-widget-container\">\n\t\t\t\t\t\t\t<div class=\"elementor-counter\">\n\t\t\t<div class=\"elementor-counter-title\">Svenska<\/div>\t\t\t<div class=\"elementor-counter-number-wrapper\">\n\t\t\t\t<span class=\"elementor-counter-number-prefix\"><\/span>\n\t\t\t\t<span class=\"elementor-counter-number\" data-duration=\"2000\" data-to-value=\"7\" data-from-value=\"0\" data-delimiter=\",\">0<\/span>\n\t\t\t\t<span class=\"elementor-counter-number-suffix\"><\/span>\n\t\t\t<\/div>\n\t\t<\/div>\n\t\t\t\t\t\t<\/div>\n\t\t\t\t<\/div>\n\t\t\t\t<div class=\"elementor-element elementor-element-362c7fdf elementor-widget-mobile__width-initial elementor-widget__width-initial elementor-widget elementor-widget-counter\" data-id=\"362c7fdf\" data-element_type=\"widget\" data-widget_type=\"counter.default\">\n\t\t\t\t<div class=\"elementor-widget-container\">\n\t\t\t\t\t\t\t<div class=\"elementor-counter\">\n\t\t\t<div class=\"elementor-counter-title\">Globalt<\/div>\t\t\t<div class=\"elementor-counter-number-wrapper\">\n\t\t\t\t<span class=\"elementor-counter-number-prefix\"><\/span>\n\t\t\t\t<span class=\"elementor-counter-number\" data-duration=\"2000\" data-to-value=\"1094353\" data-from-value=\"0\" data-delimiter=\",\">0<\/span>\n\t\t\t\t<span class=\"elementor-counter-number-suffix\"><\/span>\n\t\t\t<\/div>\n\t\t<\/div>\n\t\t\t\t\t\t<\/div>\n\t\t\t\t<\/div>\n\t\t\t\t<\/div>\n\t\t\t\t<\/div>\n\t\t<div class=\"elementor-element elementor-element-32100ef3 e-con-full e-flex e-con e-child\" data-id=\"32100ef3\" data-element_type=\"container\">\n\t\t\t\t<div class=\"elementor-element elementor-element-5504419c elementor-widget-mobile__width-initial elementor-widget elementor-widget-image\" data-id=\"5504419c\" data-element_type=\"widget\" data-widget_type=\"image.default\">\n\t\t\t\t<div class=\"elementor-widget-container\">\n\t\t\t\t\t\t\t\t\t\t\t\t\t\t\t<img fetchpriority=\"high\" decoding=\"async\" width=\"512\" height=\"512\" src=\"https:\/\/new.btchick.se\/wp-content\/uploads\/2026\/01\/CHICK-512-x-512-px-4.png\" class=\"attachment-medium_large size-medium_large wp-image-3099\" alt=\"\" srcset=\"https:\/\/new.btchick.se\/wp-content\/uploads\/2026\/01\/CHICK-512-x-512-px-4.png 512w, https:\/\/new.btchick.se\/wp-content\/uploads\/2026\/01\/CHICK-512-x-512-px-4-300x300.png 300w, https:\/\/new.btchick.se\/wp-content\/uploads\/2026\/01\/CHICK-512-x-512-px-4-150x150.png 150w, https:\/\/new.btchick.se\/wp-content\/uploads\/2026\/01\/CHICK-512-x-512-px-4-12x12.png 12w, https:\/\/new.btchick.se\/wp-content\/uploads\/2026\/01\/CHICK-512-x-512-px-4-100x100.png 100w\" sizes=\"(max-width: 512px) 100vw, 512px\" \/>\t\t\t\t\t\t\t\t\t\t\t\t\t\t\t<\/div>\n\t\t\t\t<\/div>\n\t\t\t\t<div class=\"elementor-element elementor-element-62ebc5ed elementor-widget-mobile__width-initial elementor-widget elementor-widget-image\" data-id=\"62ebc5ed\" data-element_type=\"widget\" data-widget_type=\"image.default\">\n\t\t\t\t<div class=\"elementor-widget-container\">\n\t\t\t\t\t\t\t\t\t\t\t\t\t\t\t<img decoding=\"async\" width=\"512\" height=\"512\" src=\"https:\/\/new.btchick.se\/wp-content\/uploads\/2026\/01\/CHICK-512-x-512-px-2.png\" class=\"attachment-large size-large wp-image-3097\" alt=\"\" srcset=\"https:\/\/new.btchick.se\/wp-content\/uploads\/2026\/01\/CHICK-512-x-512-px-2.png 512w, https:\/\/new.btchick.se\/wp-content\/uploads\/2026\/01\/CHICK-512-x-512-px-2-300x300.png 300w, https:\/\/new.btchick.se\/wp-content\/uploads\/2026\/01\/CHICK-512-x-512-px-2-150x150.png 150w, https:\/\/new.btchick.se\/wp-content\/uploads\/2026\/01\/CHICK-512-x-512-px-2-12x12.png 12w, https:\/\/new.btchick.se\/wp-content\/uploads\/2026\/01\/CHICK-512-x-512-px-2-100x100.png 100w\" sizes=\"(max-width: 512px) 100vw, 512px\" \/>\t\t\t\t\t\t\t\t\t\t\t\t\t\t\t<\/div>\n\t\t\t\t<\/div>\n\t\t\t\t<\/div>\n\t\t\t\t<\/div>\n\t\t<div class=\"elementor-element elementor-element-6bc40bc e-con-full e-flex e-con e-parent\" data-id=\"6bc40bc\" data-element_type=\"container\">\n\t\t<div class=\"elementor-element elementor-element-c25c858 e-flex e-con-boxed e-con e-child\" data-id=\"c25c858\" data-element_type=\"container\">\n\t\t\t\t\t<div class=\"e-con-inner\">\n\t\t<div class=\"elementor-element elementor-element-377b473 e-con-full e-flex e-con e-child\" data-id=\"377b473\" data-element_type=\"container\">\n\t\t\t\t<div class=\"elementor-element elementor-element-cdef5c7 elementor-widget-divider--view-line elementor-widget elementor-widget-divider\" data-id=\"cdef5c7\" data-element_type=\"widget\" data-widget_type=\"divider.default\">\n\t\t\t\t<div class=\"elementor-widget-container\">\n\t\t\t\t\t\t\t<div class=\"elementor-divider\">\n\t\t\t<span class=\"elementor-divider-separator\">\n\t\t\t\t\t\t<\/span>\n\t\t<\/div>\n\t\t\t\t\t\t<\/div>\n\t\t\t\t<\/div>\n\t\t\t\t<div class=\"elementor-element elementor-element-6db1392 elementor-widget elementor-widget-heading\" data-id=\"6db1392\" data-element_type=\"widget\" data-widget_type=\"heading.default\">\n\t\t\t\t<div class=\"elementor-widget-container\">\n\t\t\t\t\t<h2 class=\"elementor-heading-title elementor-size-default\">Anledningar till att f\u00f6retag anv\u00e4nder Bitcoin\n<\/h2>\t\t\t\t<\/div>\n\t\t\t\t<\/div>\n\t\t\t\t<\/div>\n\t\t<div class=\"elementor-element elementor-element-ee6057a e-con-full e-flex e-con e-child\" data-id=\"ee6057a\" data-element_type=\"container\">\n\t\t<div class=\"elementor-element elementor-element-0e546b6 e-grid e-con-full e-con e-child\" data-id=\"0e546b6\" data-element_type=\"container\">\n\t\t<div class=\"elementor-element elementor-element-32d465a e-con-full e-flex e-con e-child\" data-id=\"32d465a\" data-element_type=\"container\" data-settings=\"{&quot;background_background&quot;:&quot;classic&quot;}\">\n\t\t\t\t<div class=\"elementor-element elementor-element-ab46472 elementor-widget elementor-widget-heading\" data-id=\"ab46472\" data-element_type=\"widget\" data-widget_type=\"heading.default\">\n\t\t\t\t<div class=\"elementor-widget-container\">\n\t\t\t\t\t<h2 class=\"elementor-heading-title elementor-size-default\">1. Diversifiering av kassan<\/h2>\t\t\t\t<\/div>\n\t\t\t\t<\/div>\n\t\t\t\t<div class=\"elementor-element elementor-element-8402023 elementor-widget elementor-widget-text-editor\" data-id=\"8402023\" data-element_type=\"widget\" data-widget_type=\"text-editor.default\">\n\t\t\t\t<div class=\"elementor-widget-container\">\n\t\t\t\t\t\t\t\t\t<p><span style=\"font-weight: 400;\">Bitcoin har en fast total m\u00e4ngd p\u00e5 21 miljoner.<\/span><\/p><p><span style=\"font-weight: 400;\"><br \/><\/span><span style=\"font-weight: 400;\"> F\u00f6r f\u00f6retag med \u00f6verskottslikviditet kan Bitcoin fungera som en l\u00e5ngsiktig v\u00e4rdebevarande tillg\u00e5ng och ett skydd mot inflation.<\/span><\/p>\t\t\t\t\t\t\t\t<\/div>\n\t\t\t\t<\/div>\n\t\t\t\t<\/div>\n\t\t<div class=\"elementor-element elementor-element-4dec4cc e-con-full e-flex e-con e-child\" data-id=\"4dec4cc\" data-element_type=\"container\" data-settings=\"{&quot;background_background&quot;:&quot;classic&quot;}\">\n\t\t\t\t<div class=\"elementor-element elementor-element-4b44970 elementor-widget elementor-widget-heading\" data-id=\"4b44970\" data-element_type=\"widget\" data-widget_type=\"heading.default\">\n\t\t\t\t<div class=\"elementor-widget-container\">\n\t\t\t\t\t<h2 class=\"elementor-heading-title elementor-size-default\">2. Skydd mot monet\u00e4r risk\n<\/h2>\t\t\t\t<\/div>\n\t\t\t\t<\/div>\n\t\t\t\t<div class=\"elementor-element elementor-element-446a888 elementor-widget elementor-widget-text-editor\" data-id=\"446a888\" data-element_type=\"widget\" data-widget_type=\"text-editor.default\">\n\t\t\t\t<div class=\"elementor-widget-container\">\n\t\t\t\t\t\t\t\t\t<p><span style=\"font-weight: 400;\">F\u00f6retag som verkar internationellt uts\u00e4tts f\u00f6r valutaf\u00f6rsvagning och politiska beslut.<br \/><\/span><span style=\"font-weight: 400;\"><br \/><\/span><span style=\"font-weight: 400;\"> Bitcoin \u00e4r neutralt, globalt och kontrolleras inte av n\u00e5gon regering.<\/span><\/p>\t\t\t\t\t\t\t\t<\/div>\n\t\t\t\t<\/div>\n\t\t\t\t<\/div>\n\t\t<div class=\"elementor-element elementor-element-d2c125b e-con-full e-flex e-con e-child\" data-id=\"d2c125b\" data-element_type=\"container\" data-settings=\"{&quot;background_background&quot;:&quot;classic&quot;}\">\n\t\t\t\t<div class=\"elementor-element elementor-element-debfb89 elementor-widget elementor-widget-heading\" data-id=\"debfb89\" data-element_type=\"widget\" data-widget_type=\"heading.default\">\n\t\t\t\t<div class=\"elementor-widget-container\">\n\t\t\t\t\t<h2 class=\"elementor-heading-title elementor-size-default\">3. Global r\u00e4ckvidd utan bank-friktion\n<\/h2>\t\t\t\t<\/div>\n\t\t\t\t<\/div>\n\t\t\t\t<div class=\"elementor-element elementor-element-cf75478 elementor-widget elementor-widget-text-editor\" data-id=\"cf75478\" data-element_type=\"widget\" data-widget_type=\"text-editor.default\">\n\t\t\t\t<div class=\"elementor-widget-container\">\n\t\t\t\t\t\t\t\t\t<p><span style=\"font-weight: 400;\">Bitcoin g\u00f6r det m\u00f6jligt f\u00f6r f\u00f6retag att skicka och ta emot betalningar globalt\u00a0<br \/><\/span><span style=\"font-weight: 400;\"><br \/><\/span><span style=\"font-weight: 400;\"> dygnet runt, utan f\u00f6rseningar, mellanh\u00e4nder eller h\u00f6ga avgifter.<\/span><\/p>\t\t\t\t\t\t\t\t<\/div>\n\t\t\t\t<\/div>\n\t\t\t\t<\/div>\n\t\t<div class=\"elementor-element elementor-element-afc8ed7 e-con-full e-flex e-con e-child\" data-id=\"afc8ed7\" data-element_type=\"container\" data-settings=\"{&quot;background_background&quot;:&quot;classic&quot;}\">\n\t\t\t\t<div class=\"elementor-element elementor-element-19bae2f elementor-widget elementor-widget-heading\" data-id=\"19bae2f\" data-element_type=\"widget\" data-widget_type=\"heading.default\">\n\t\t\t\t<div class=\"elementor-widget-container\">\n\t\t\t\t\t<h2 class=\"elementor-heading-title elementor-size-default\">4. Framtidsinriktad finansiell strategi\n<\/h2>\t\t\t\t<\/div>\n\t\t\t\t<\/div>\n\t\t\t\t<div class=\"elementor-element elementor-element-88eec67 elementor-widget elementor-widget-text-editor\" data-id=\"88eec67\" data-element_type=\"widget\" data-widget_type=\"text-editor.default\">\n\t\t\t\t<div class=\"elementor-widget-container\">\n\t\t\t\t\t\t\t\t\t<p><span style=\"font-weight: 400;\">Fler f\u00f6retag l\u00e4gger Bitcoin i sina balansr\u00e4kningar \u2014<br \/><br \/>vilket signalerar l\u00e5ngsiktigt t\u00e4nkande och innovation<\/span><\/p>\t\t\t\t\t\t\t\t<\/div>\n\t\t\t\t<\/div>\n\t\t\t\t<\/div>\n\t\t\t\t<\/div>\n\t\t\t\t<\/div>\n\t\t\t\t\t<\/div>\n\t\t\t\t<\/div>\n\t\t\t\t<\/div>\n\t\t<div class=\"elementor-element elementor-element-6af1144 e-con-full e-flex e-con e-parent\" data-id=\"6af1144\" data-element_type=\"container\" data-settings=\"{&quot;background_background&quot;:&quot;classic&quot;}\">\n\t\t<div class=\"elementor-element elementor-element-ee75a2b e-flex e-con-boxed e-con e-child\" data-id=\"ee75a2b\" data-element_type=\"container\">\n\t\t\t\t\t<div class=\"e-con-inner\">\n\t\t\t\t<div class=\"elementor-element elementor-element-6e3a79c elementor-widget elementor-widget-heading\" data-id=\"6e3a79c\" data-element_type=\"widget\" data-widget_type=\"heading.default\">\n\t\t\t\t<div class=\"elementor-widget-container\">\n\t\t\t\t\t<h2 class=\"elementor-heading-title elementor-size-default\">Hur BTChick st\u00f6ttar f\u00f6retag<\/h2>\t\t\t\t<\/div>\n\t\t\t\t<\/div>\n\t\t<div class=\"elementor-element elementor-element-50115eb e-flex e-con-boxed e-con e-child\" data-id=\"50115eb\" data-element_type=\"container\">\n\t\t\t\t\t<div class=\"e-con-inner\">\n\t\t\t\t<div class=\"elementor-element elementor-element-531570d elementor-align-start elementor-icon-list--layout-traditional elementor-list-item-link-full_width elementor-widget elementor-widget-icon-list\" data-id=\"531570d\" data-element_type=\"widget\" data-widget_type=\"icon-list.default\">\n\t\t\t\t<div class=\"elementor-widget-container\">\n\t\t\t\t\t\t\t<ul class=\"elementor-icon-list-items\">\n\t\t\t\t\t\t\t<li class=\"elementor-icon-list-item\">\n\t\t\t\t\t\t\t\t\t\t\t<span class=\"elementor-icon-list-icon\">\n\t\t\t\t\t\t\t<svg aria-hidden=\"true\" class=\"e-font-icon-svg e-fab-bitcoin\" viewbox=\"0 0 512 512\" xmlns=\"http:\/\/www.w3.org\/2000\/svg\"><path d=\"M504 256c0 136.967-111.033 248-248 248S8 392.967 8 256 119.033 8 256 8s248 111.033 248 248zm-141.651-35.33c4.937-32.999-20.191-50.739-54.55-62.573l11.146-44.702-27.213-6.781-10.851 43.524c-7.154-1.783-14.502-3.464-21.803-5.13l10.929-43.81-27.198-6.781-11.153 44.686c-5.922-1.349-11.735-2.682-17.377-4.084l.031-.14-37.53-9.37-7.239 29.062s20.191 4.627 19.765 4.913c11.022 2.751 13.014 10.044 12.68 15.825l-12.696 50.925c.76.194 1.744.473 2.829.907-.907-.225-1.876-.473-2.876-.713l-17.796 71.338c-1.349 3.348-4.767 8.37-12.471 6.464.271.395-19.78-4.937-19.78-4.937l-13.51 31.147 35.414 8.827c6.588 1.651 13.045 3.379 19.4 5.006l-11.262 45.213 27.182 6.781 11.153-44.733a1038.209 1038.209 0 0 0 21.687 5.627l-11.115 44.523 27.213 6.781 11.262-45.128c46.404 8.781 81.299 5.239 95.986-36.727 11.836-33.79-.589-53.281-25.004-65.991 17.78-4.098 31.174-15.792 34.747-39.949zm-62.177 87.179c-8.41 33.79-65.308 15.523-83.755 10.943l14.944-59.899c18.446 4.603 77.6 13.717 68.811 48.956zm8.417-87.667c-7.673 30.736-55.031 15.12-70.393 11.292l13.548-54.327c15.363 3.828 64.836 10.973 56.845 43.035z\"><\/path><\/svg>\t\t\t\t\t\t<\/span>\n\t\t\t\t\t\t\t\t\t\t<span class=\"elementor-icon-list-text\">Bitcoin-utbildning f\u00f6r lednings- och finansteam<\/span>\n\t\t\t\t\t\t\t\t\t<\/li>\n\t\t\t\t\t\t\t\t<li class=\"elementor-icon-list-item\">\n\t\t\t\t\t\t\t\t\t\t\t<span class=\"elementor-icon-list-icon\">\n\t\t\t\t\t\t\t<svg aria-hidden=\"true\" class=\"e-font-icon-svg e-fab-bitcoin\" viewbox=\"0 0 512 512\" xmlns=\"http:\/\/www.w3.org\/2000\/svg\"><path d=\"M504 256c0 136.967-111.033 248-248 248S8 392.967 8 256 119.033 8 256 8s248 111.033 248 248zm-141.651-35.33c4.937-32.999-20.191-50.739-54.55-62.573l11.146-44.702-27.213-6.781-10.851 43.524c-7.154-1.783-14.502-3.464-21.803-5.13l10.929-43.81-27.198-6.781-11.153 44.686c-5.922-1.349-11.735-2.682-17.377-4.084l.031-.14-37.53-9.37-7.239 29.062s20.191 4.627 19.765 4.913c11.022 2.751 13.014 10.044 12.68 15.825l-12.696 50.925c.76.194 1.744.473 2.829.907-.907-.225-1.876-.473-2.876-.713l-17.796 71.338c-1.349 3.348-4.767 8.37-12.471 6.464.271.395-19.78-4.937-19.78-4.937l-13.51 31.147 35.414 8.827c6.588 1.651 13.045 3.379 19.4 5.006l-11.262 45.213 27.182 6.781 11.153-44.733a1038.209 1038.209 0 0 0 21.687 5.627l-11.115 44.523 27.213 6.781 11.262-45.128c46.404 8.781 81.299 5.239 95.986-36.727 11.836-33.79-.589-53.281-25.004-65.991 17.78-4.098 31.174-15.792 34.747-39.949zm-62.177 87.179c-8.41 33.79-65.308 15.523-83.755 10.943l14.944-59.899c18.446 4.603 77.6 13.717 68.811 48.956zm8.417-87.667c-7.673 30.736-55.031 15.12-70.393 11.292l13.548-54.327c15.363 3.828 64.836 10.973 56.845 43.035z\"><\/path><\/svg>\t\t\t\t\t\t<\/span>\n\t\t\t\t\t\t\t\t\t\t<span class=\"elementor-icon-list-text\">Evidensbaserade insikter om f\u00f6retagsadoption av Bitcoin<\/span>\n\t\t\t\t\t\t\t\t\t<\/li>\n\t\t\t\t\t\t\t\t<li class=\"elementor-icon-list-item\">\n\t\t\t\t\t\t\t\t\t\t\t<span class=\"elementor-icon-list-icon\">\n\t\t\t\t\t\t\t<svg aria-hidden=\"true\" class=\"e-font-icon-svg e-fab-bitcoin\" viewbox=\"0 0 512 512\" xmlns=\"http:\/\/www.w3.org\/2000\/svg\"><path d=\"M504 256c0 136.967-111.033 248-248 248S8 392.967 8 256 119.033 8 256 8s248 111.033 248 248zm-141.651-35.33c4.937-32.999-20.191-50.739-54.55-62.573l11.146-44.702-27.213-6.781-10.851 43.524c-7.154-1.783-14.502-3.464-21.803-5.13l10.929-43.81-27.198-6.781-11.153 44.686c-5.922-1.349-11.735-2.682-17.377-4.084l.031-.14-37.53-9.37-7.239 29.062s20.191 4.627 19.765 4.913c11.022 2.751 13.014 10.044 12.68 15.825l-12.696 50.925c.76.194 1.744.473 2.829.907-.907-.225-1.876-.473-2.876-.713l-17.796 71.338c-1.349 3.348-4.767 8.37-12.471 6.464.271.395-19.78-4.937-19.78-4.937l-13.51 31.147 35.414 8.827c6.588 1.651 13.045 3.379 19.4 5.006l-11.262 45.213 27.182 6.781 11.153-44.733a1038.209 1038.209 0 0 0 21.687 5.627l-11.115 44.523 27.213 6.781 11.262-45.128c46.404 8.781 81.299 5.239 95.986-36.727 11.836-33.79-.589-53.281-25.004-65.991 17.78-4.098 31.174-15.792 34.747-39.949zm-62.177 87.179c-8.41 33.79-65.308 15.523-83.755 10.943l14.944-59.899c18.446 4.603 77.6 13.717 68.811 48.956zm8.417-87.667c-7.673 30.736-55.031 15.12-70.393 11.292l13.548-54.327c15.363 3.828 64.836 10.973 56.845 43.035z\"><\/path><\/svg>\t\t\t\t\t\t<\/span>\n\t\t\t\t\t\t\t\t\t\t<span class=\"elementor-icon-list-text\">Diskussioner kring kassa, betalningar, f\u00f6rvaring och risker.<\/span>\n\t\t\t\t\t\t\t\t\t<\/li>\n\t\t\t\t\t\t\t\t<li class=\"elementor-icon-list-item\">\n\t\t\t\t\t\t\t\t\t\t\t<span class=\"elementor-icon-list-icon\">\n\t\t\t\t\t\t\t<svg aria-hidden=\"true\" class=\"e-font-icon-svg e-fab-bitcoin\" viewbox=\"0 0 512 512\" xmlns=\"http:\/\/www.w3.org\/2000\/svg\"><path d=\"M504 256c0 136.967-111.033 248-248 248S8 392.967 8 256 119.033 8 256 8s248 111.033 248 248zm-141.651-35.33c4.937-32.999-20.191-50.739-54.55-62.573l11.146-44.702-27.213-6.781-10.851 43.524c-7.154-1.783-14.502-3.464-21.803-5.13l10.929-43.81-27.198-6.781-11.153 44.686c-5.922-1.349-11.735-2.682-17.377-4.084l.031-.14-37.53-9.37-7.239 29.062s20.191 4.627 19.765 4.913c11.022 2.751 13.014 10.044 12.68 15.825l-12.696 50.925c.76.194 1.744.473 2.829.907-.907-.225-1.876-.473-2.876-.713l-17.796 71.338c-1.349 3.348-4.767 8.37-12.471 6.464.271.395-19.78-4.937-19.78-4.937l-13.51 31.147 35.414 8.827c6.588 1.651 13.045 3.379 19.4 5.006l-11.262 45.213 27.182 6.781 11.153-44.733a1038.209 1038.209 0 0 0 21.687 5.627l-11.115 44.523 27.213 6.781 11.262-45.128c46.404 8.781 81.299 5.239 95.986-36.727 11.836-33.79-.589-53.281-25.004-65.991 17.78-4.098 31.174-15.792 34.747-39.949zm-62.177 87.179c-8.41 33.79-65.308 15.523-83.755 10.943l14.944-59.899c18.446 4.603 77.6 13.717 68.811 48.956zm8.417-87.667c-7.673 30.736-55.031 15.12-70.393 11.292l13.548-54.327c15.363 3.828 64.836 10.973 56.845 43.035z\"><\/path><\/svg>\t\t\t\t\t\t<\/span>\n\t\t\t\t\t\t\t\t\t\t<span class=\"elementor-icon-list-text\">Tydlig, neutral v\u00e4gledning \u2014 utan produktbundna rekommendationer.<\/span>\n\t\t\t\t\t\t\t\t\t<\/li>\n\t\t\t\t\t\t<\/ul>\n\t\t\t\t\t\t<\/div>\n\t\t\t\t<\/div>\n\t\t\t\t<div class=\"elementor-element elementor-element-d3ccfae elementor-align-center elementor-widget elementor-widget-button\" data-id=\"d3ccfae\" data-element_type=\"widget\" data-widget_type=\"button.default\">\n\t\t\t\t<div class=\"elementor-widget-container\">\n\t\t\t\t\t\t\t\t\t<div class=\"elementor-button-wrapper\">\n\t\t\t\t\t<a class=\"elementor-button elementor-button-link elementor-size-sm elementor-animation-float\" href=\"https:\/\/new.btchick.se\/sv\/contact\/\">\n\t\t\t\t\t\t<span class=\"elementor-button-content-wrapper\">\n\t\t\t\t\t\t\t\t\t<span class=\"elementor-button-text\">KONTAKT<\/span>\n\t\t\t\t\t<\/span>\n\t\t\t\t\t<\/a>\n\t\t\t\t<\/div>\n\t\t\t\t\t\t\t\t<\/div>\n\t\t\t\t<\/div>\n\t\t\t\t\t<\/div>\n\t\t\t\t<\/div>\n\t\t\t\t\t<\/div>\n\t\t\t\t<\/div>\n\t\t\t\t<\/div>\n\t\t\t\t<\/div>","protected":false},"excerpt":{"rendered":"<p>Bitcoin For Corporations Why Corporations Are Turning to Bitcoin Contact Bitcoin is increasingly being considered by companies as a strategic financial tool \u2014 not speculation. In a world of inflation, rising debt and currency uncertainty, Bitcoin offers corporations a way to protect capital, improve financial resilience and operate globally without friction. Public Companies Holding Bitcoin [&hellip;]<\/p>","protected":false},"author":1,"featured_media":0,"parent":0,"menu_order":0,"comment_status":"closed","ping_status":"closed","template":"","meta":{"footnotes":""},"class_list":["post-3074","page","type-page","status-publish","hentry"],"_links":{"self":[{"href":"https:\/\/new.btchick.se\/sv\/wp-json\/wp\/v2\/pages\/3074","targetHints":{"allow":["GET"]}}],"collection":[{"href":"https:\/\/new.btchick.se\/sv\/wp-json\/wp\/v2\/pages"}],"about":[{"href":"https:\/\/new.btchick.se\/sv\/wp-json\/wp\/v2\/types\/page"}],"author":[{"embeddable":true,"href":"https:\/\/new.btchick.se\/sv\/wp-json\/wp\/v2\/users\/1"}],"replies":[{"embeddable":true,"href":"https:\/\/new.btchick.se\/sv\/wp-json\/wp\/v2\/comments?post=3074"}],"version-history":[{"count":46,"href":"https:\/\/new.btchick.se\/sv\/wp-json\/wp\/v2\/pages\/3074\/revisions"}],"predecessor-version":[{"id":3209,"href":"https:\/\/new.btchick.se\/sv\/wp-json\/wp\/v2\/pages\/3074\/revisions\/3209"}],"wp:attachment":[{"href":"https:\/\/new.btchick.se\/sv\/wp-json\/wp\/v2\/media?parent=3074"}],"curies":[{"name":"wp","href":"https:\/\/api.w.org\/{rel}","templated":true}]}}